{"id":69,"date":"2016-01-08T22:37:18","date_gmt":"2016-01-09T04:37:18","guid":{"rendered":"http:\/\/www.torreejecutiva.com\/guadalajara\/?page_id=69"},"modified":"2017-09-15T14:13:55","modified_gmt":"2017-09-15T20:13:55","slug":"contactos","status":"publish","type":"page","link":"https:\/\/www.torreejecutiva.com\/guadalajara\/contactos\/","title":{"rendered":"Contactos"},"content":{"rendered":"<h1 style=\"text-align: center;\">Listado de Contactos<\/h1>\n<p style=\"text-align: justify;\">Promociones\u00a0 <a href=\"mailto:promos@torreejecutiva.com\">promos@torreejecutiva.com<\/a><\/p>\n<p>Informaci\u00f3n <a href=\"mailto:info@torreejecutiva.com\">info@torreejecutiva.com<\/a><\/p>\n<p>Soporte T\u00e9cnico <a href=\"mailto:soporte@torreejecutiva.com\">soporte@torreejecutiva.com<\/a><\/p>\n<p>Direcci\u00f3n General <a href=\"mailto:director@torreejecutiva.com\">director@torreejecutiva.com<\/a><\/p>\n","protected":false},"excerpt":{"rendered":"<p>Listado de Contactos Promociones\u00a0 promos@torreejecutiva.com Informaci\u00f3n info@torreejecutiva.com Soporte T\u00e9cnico soporte@torreejecutiva.com Direcci\u00f3n General director@torreejecutiva.com<\/p>\n","protected":false},"author":1,"featured_media":0,"parent":0,"menu_order":0,"comment_status":"closed","ping_status":"closed","template":"","meta":{"_et_pb_use_builder":"","_et_pb_old_content":"","_et_gb_content_width":"","footnotes":""},"class_list":["post-69","page","type-page","status-publish","hentry"],"_links":{"self":[{"href":"https:\/\/www.torreejecutiva.com\/guadalajara\/wp-json\/wp\/v2\/pages\/69","targetHints":{"allow":["GET"]}}],"collection":[{"href":"https:\/\/www.torreejecutiva.com\/guadalajara\/wp-json\/wp\/v2\/pages"}],"about":[{"href":"https:\/\/www.torreejecutiva.com\/guadalajara\/wp-json\/wp\/v2\/types\/page"}],"author":[{"embeddable":true,"href":"https:\/\/www.torreejecutiva.com\/guadalajara\/wp-json\/wp\/v2\/users\/1"}],"replies":[{"embeddable":true,"href":"https:\/\/www.torreejecutiva.com\/guadalajara\/wp-json\/wp\/v2\/comments?post=69"}],"version-history":[{"count":0,"href":"https:\/\/www.torreejecutiva.com\/guadalajara\/wp-json\/wp\/v2\/pages\/69\/revisions"}],"wp:attachment":[{"href":"https:\/\/www.torreejecutiva.com\/guadalajara\/wp-json\/wp\/v2\/media?parent=69"}],"curies":[{"name":"wp","href":"https:\/\/api.w.org\/{rel}","templated":true}]}}